{"id":6224,"date":"2025-04-18T08:13:04","date_gmt":"2025-04-18T08:13:04","guid":{"rendered":"https:\/\/www.futsalsanse.com\/webnueva\/?post_type=product&#038;p=6224"},"modified":"2025-07-03T18:06:10","modified_gmt":"2025-07-03T18:06:10","slug":"futsallenger-v","status":"publish","type":"product","link":"https:\/\/www.futsalsanse.com\/webnueva\/producto\/futsallenger-v\/","title":{"rendered":"Futsallenger 2025\/2026"},"content":{"rendered":"<p>[et_pb_section fb_built=\u00bb1&#8243; _builder_version=\u00bb4.27.4&#8243; background_image=\u00bbhttps:\/\/www.futsalsanse.com\/webnueva\/wp-content\/uploads\/2025\/04\/fondo-geometrico@2x-100-scaled.jpg\u00bb custom_padding=\u00bb0px||||false|false\u00bb global_colors_info=\u00bb{}\u00bb][et_pb_row _builder_version=\u00bb4.27.4&#8243; _module_preset=\u00bbdefault\u00bb global_colors_info=\u00bb{}\u00bb][et_pb_column type=\u00bb4_4&#8243; _builder_version=\u00bb4.27.4&#8243; _module_preset=\u00bbdefault\u00bb global_colors_info=\u00bb{}\u00bb][et_pb_image src=\u00bbhttps:\/\/www.futsalsanse.com\/webnueva\/wp-content\/uploads\/2025\/04\/logo-fondo-futsal-sanse@2x.png\u00bb title_text=\u00bblogo fondo futsal sanse@2x\u00bb align=\u00bbcenter\u00bb _builder_version=\u00bb4.27.4&#8243; _module_preset=\u00bbdefault\u00bb width=\u00bb50%\u00bb custom_margin=\u00bb||27px|||\u00bb global_colors_info=\u00bb{}\u00bb][\/et_pb_image][\/et_pb_column][\/et_pb_row][et_pb_row _builder_version=\u00bb4.27.4&#8243; _module_preset=\u00bbdefault\u00bb global_colors_info=\u00bb{}\u00bb][et_pb_column type=\u00bb4_4&#8243; _builder_version=\u00bb4.27.4&#8243; _module_preset=\u00bbdefault\u00bb global_colors_info=\u00bb{}\u00bb][et_pb_image src=\u00bbhttps:\/\/www.futsalsanse.com\/webnueva\/wp-content\/uploads\/2025\/05\/escudo-sanse-futsal-25-gris-vertical_1@2x.png\u00bb alt=\u00bblogo sanse futsal 2025 gris\u00bb title_text=\u00bbescudo sanse futsal 25 gris vertical_1@2x\u00bb align=\u00bbcenter\u00bb _builder_version=\u00bb4.27.4&#8243; _module_preset=\u00bbdefault\u00bb width=\u00bb50%\u00bb custom_padding=\u00bb||0px|||\u00bb global_colors_info=\u00bb{}\u00bb][\/et_pb_image][\/et_pb_column][\/et_pb_row][et_pb_row column_structure=\u00bb1_2,1_2&#8243; use_custom_gutter=\u00bbon\u00bb gutter_width=\u00bb1&#8243; _builder_version=\u00bb4.27.4&#8243; background_size=\u00bbinitial\u00bb background_position=\u00bbtop_left\u00bb background_repeat=\u00bbrepeat\u00bb width=\u00bb100%\u00bb custom_padding=\u00bb25px||0px||false|false\u00bb global_colors_info=\u00bb{}\u00bb][et_pb_column type=\u00bb1_2&#8243; _builder_version=\u00bb4.16&#8243; custom_padding=\u00bb|||\u00bb global_colors_info=\u00bb{}\u00bb custom_padding__hover=\u00bb|||\u00bb][et_pb_wc_images _builder_version=\u00bb4.16&#8243; global_colors_info=\u00bb{}\u00bb][\/et_pb_wc_images][\/et_pb_column][et_pb_column type=\u00bb1_2&#8243; _builder_version=\u00bb4.16&#8243; custom_padding=\u00bb|||\u00bb global_colors_info=\u00bb{}\u00bb custom_padding__hover=\u00bb|||\u00bb][et_pb_wc_description _builder_version=\u00bb4.27.4&#8243; body_font=\u00bb|600|||||||\u00bb body_text_color=\u00bb#474747&#8243; body_font_size=\u00bb16px\u00bb body_line_height=\u00bb2em\u00bb background_color=\u00bb#FFFFFF\u00bb custom_margin=\u00bb25px||25px||false|false\u00bb custom_padding=\u00bb50px|50px|50px|50px|false|false\u00bb body_line_height_last_edited=\u00bboff|desktop\u00bb global_colors_info=\u00bb{}\u00bb][\/et_pb_wc_description][et_pb_text _builder_version=\u00bb4.27.4&#8243; _module_preset=\u00bbdefault\u00bb text_font=\u00bb||||||||\u00bb text_text_color=\u00bb#FFFFFF\u00bb text_font_size=\u00bb30px\u00bb background_color=\u00bb#E02B20&#8243; custom_padding=\u00bb25px|25px|25px|25px|false|false\u00bb global_colors_info=\u00bb{}\u00bb]<\/p>\n<p style=\"text-align: center;\">\u00daNETE A NOSOTROS<\/p>\n<p>[\/et_pb_text][\/et_pb_column][\/et_pb_row][et_pb_row _builder_version=\u00bb4.27.4&#8243; _module_preset=\u00bbdefault\u00bb custom_padding=\u00bb0px|0px|0px|0px|false|false\u00bb global_colors_info=\u00bb{}\u00bb][et_pb_column type=\u00bb4_4&#8243; _builder_version=\u00bb4.27.4&#8243; _module_preset=\u00bbdefault\u00bb global_colors_info=\u00bb{}\u00bb][\/et_pb_column][\/et_pb_row][et_pb_row _builder_version=\u00bb4.27.4&#8243; background_image=\u00bbhttps:\/\/www.futsalsanse.com\/webnueva\/wp-content\/uploads\/2021\/11\/esc-fondo-blanco.png\u00bb background_size=\u00bbinitial\u00bb background_position=\u00bbtop_left\u00bb background_repeat=\u00bbrepeat\u00bb width=\u00bb100%\u00bb custom_padding=\u00bb0px||||false|false\u00bb global_colors_info=\u00bb{}\u00bb][et_pb_column type=\u00bb4_4&#8243; _builder_version=\u00bb4.16&#8243; custom_padding=\u00bb|||\u00bb global_colors_info=\u00bb{}\u00bb custom_padding__hover=\u00bb|||\u00bb][et_pb_wc_title _builder_version=\u00bb4.27.4&#8243; header_font=\u00bb|800|||||||\u00bb header_text_color=\u00bb#E02B20&#8243; header_font_size=\u00bb40px\u00bb custom_margin=\u00bb25px||||false|false\u00bb global_colors_info=\u00bb{}\u00bb][\/et_pb_wc_title][et_pb_text _builder_version=\u00bb4.27.4&#8243; _module_preset=\u00bbdefault\u00bb text_font=\u00bb||||||||\u00bb text_text_color=\u00bb#000000&#8243; text_font_size=\u00bb18px\u00bb background_color=\u00bb#FFFFFF\u00bb custom_padding=\u00bb25px|25px|25px|25px|false|false\u00bb global_colors_info=\u00bb{}\u00bb]<\/p>\n<p style=\"text-align: center;\">* Equipaci\u00f3n opcional para participaci\u00f3n en liga.<\/p>\n<p>[\/et_pb_text][et_pb_wc_add_to_cart _builder_version=\u00bb4.27.4&#8243; fields_custom_margin=\u00bb5px|5px|5px|5px|false|false\u00bb fields_custom_padding=\u00bb25px|2px|25px|25px|false|false\u00bb dropdown_menus_background_color=\u00bb#FFFFFF\u00bb dropdown_menus_text_color=\u00bb#474747&#8243; field_label_font=\u00bb|800|||||||\u00bb field_label_font_size=\u00bb16px\u00bb fields_font_size=\u00bb21px\u00bb dropdown_menus_font=\u00bb|600|||||||\u00bb dropdown_menus_font_size=\u00bb18px\u00bb custom_button=\u00bbon\u00bb button_text_size=\u00bb25px\u00bb button_text_color=\u00bb#FFFFFF\u00bb button_bg_color=\u00bb#E02B20&#8243; custom_margin=\u00bb|25px||25px|false|false\u00bb box_shadow_style_dropdown_menus=\u00bbpreset1&#8243; global_colors_info=\u00bb{}\u00bb][\/et_pb_wc_add_to_cart][et_pb_divider _builder_version=\u00bb4.27.4&#8243; _module_preset=\u00bbdefault\u00bb global_colors_info=\u00bb{}\u00bb][\/et_pb_divider][\/et_pb_column][\/et_pb_row][\/et_pb_section]<\/p>\n","protected":false},"excerpt":{"rendered":"<p><span style=\"font-weight: 600;\">Escuela dedicada a los m\u00e1s peque\u00f1os, desde <\/span><span style=\"font-weight: 600;\">2020 a 2018<\/span><span style=\"font-weight: 600;\">, donde se realizan actividades de psicomotricidad y competiciones donde prima el aprendizaje y la diversi\u00f3n por encima de todo. Viernes tarde y s\u00e1bado ma\u00f1ana<\/span><\/p>\n","protected":false},"featured_media":2941,"comment_status":"open","ping_status":"closed","template":"","meta":{"_et_pb_use_builder":"on","_et_pb_old_content":"Al realizar el pedido acepto la <a href=\"https:\/\/www.futsalsanse.com\/webnueva\/wp-content\/uploads\/2022\/07\/POLITICA-DE-PRIVACIDAD.pdf\">Pol\u00edtica de Privacidad<\/a>\r\n\r\nLa pr\u00e1ctica habitual del f\u00fatbol sala se considera\u00a0<b>muy beneficiosa<\/b>, ya que no solo estimula el\u00a0<b>desarrollo f\u00edsico de los alumnos<\/b>, sino que\u00a0<b>estimula el desarrollo cognitivo y de ciertos valores<\/b>\u00a0como el\u00a0<b>trabajo en equipo y las estrategias,<\/b>\u00a0que resultar\u00e1n fundamentales para los estudiantes.","_et_gb_content_width":""},"product_cat":[28],"product_tag":[],"class_list":{"0":"post-6224","1":"product","2":"type-product","3":"status-publish","4":"has-post-thumbnail","6":"product_cat-inscripciones","8":"first","9":"instock","10":"shipping-taxable","11":"purchasable","12":"product-type-variable","13":"has-default-attributes"},"jetpack_sharing_enabled":true,"_links":{"self":[{"href":"https:\/\/www.futsalsanse.com\/webnueva\/wp-json\/wp\/v2\/product\/6224","targetHints":{"allow":["GET"]}}],"collection":[{"href":"https:\/\/www.futsalsanse.com\/webnueva\/wp-json\/wp\/v2\/product"}],"about":[{"href":"https:\/\/www.futsalsanse.com\/webnueva\/wp-json\/wp\/v2\/types\/product"}],"replies":[{"embeddable":true,"href":"https:\/\/www.futsalsanse.com\/webnueva\/wp-json\/wp\/v2\/comments?post=6224"}],"wp:featuredmedia":[{"embeddable":true,"href":"https:\/\/www.futsalsanse.com\/webnueva\/wp-json\/wp\/v2\/media\/2941"}],"wp:attachment":[{"href":"https:\/\/www.futsalsanse.com\/webnueva\/wp-json\/wp\/v2\/media?parent=6224"}],"wp:term":[{"taxonomy":"product_cat","embeddable":true,"href":"https:\/\/www.futsalsanse.com\/webnueva\/wp-json\/wp\/v2\/product_cat?post=6224"},{"taxonomy":"product_tag","embeddable":true,"href":"https:\/\/www.futsalsanse.com\/webnueva\/wp-json\/wp\/v2\/product_tag?post=6224"}],"curies":[{"name":"wp","href":"https:\/\/api.w.org\/{rel}","templated":true}]}}